{"id":193,"date":"2026-04-22T16:47:16","date_gmt":"2026-04-22T16:47:16","guid":{"rendered":"https:\/\/vinamilk.azdigi.shop\/?post_type=product&#038;p=193"},"modified":"2026-04-22T16:47:17","modified_gmt":"2026-04-22T16:47:17","slug":"green-farm-to-yen","status":"publish","type":"product","link":"https:\/\/vinamilk.azdigi.shop\/index.php\/san-pham\/green-farm-to-yen\/","title":{"rendered":"Green Farm T\u1ed5 Y\u1ebfn"},"content":{"rendered":"<p data-start=\"0\" data-end=\"370\">S\u1eefa t\u01b0\u01a1i ti\u1ec7t tr\u00f9ng <strong data-start=\"20\" data-end=\"41\">Green Farm T\u1ed5 Y\u1ebfn<\/strong> l\u00e0 d\u00f2ng s\u1ea3n ph\u1ea9m dinh d\u01b0\u1ee1ng cao c\u1ea5p, k\u1ebft h\u1ee3p gi\u1eefa <strong data-start=\"92\" data-end=\"137\">s\u1eefa b\u00f2 t\u01b0\u01a1i 100% t\u1eeb trang tr\u1ea1i Green Farm<\/strong> v\u00e0 <strong data-start=\"141\" data-end=\"151\">t\u1ed5 y\u1ebfn<\/strong> \u2013 nguy\u00ean li\u1ec7u qu\u00fd \u0111\u01b0\u1ee3c bi\u1ebft \u0111\u1ebfn v\u1edbi nhi\u1ec1u l\u1ee3i \u00edch cho s\u1ee9c kh\u1ecfe. S\u1ef1 k\u1ebft h\u1ee3p \u0111\u1ed9c \u0111\u00e1o n\u00e0y mang \u0111\u1ebfn m\u1ed9t th\u1ee9c u\u1ed1ng v\u1eeba th\u01a1m ngon, v\u1eeba b\u1ed5 d\u01b0\u1ee1ng, ph\u00f9 h\u1ee3p v\u1edbi ng\u01b0\u1eddi ti\u00eau d\u00f9ng hi\u1ec7n \u0111\u1ea1i quan t\u00e2m \u0111\u1ebfn ch\u0103m s\u00f3c c\u01a1 th\u1ec3 t\u1eeb b\u00ean trong.<\/p>\n<p data-start=\"372\" data-end=\"700\">Ngu\u1ed3n s\u1eefa t\u01b0\u01a1i \u0111\u01b0\u1ee3c tuy\u1ec3n ch\u1ecdn k\u1ef9 l\u01b0\u1ee1ng, thu ho\u1ea1ch v\u00e0 x\u1eed l\u00fd trong ng\u00e0y theo quy tr\u00ecnh kh\u00e9p k\u00edn, \u0111\u1ea3m b\u1ea3o <strong data-start=\"476\" data-end=\"503\">\u0111\u1ed9 t\u01b0\u01a1i s\u1ea1ch v\u00e0 an to\u00e0n<\/strong>. K\u1ebft h\u1ee3p c\u00f9ng c\u00f4ng ngh\u1ec7 <strong data-start=\"528\" data-end=\"556\">ti\u1ec7t tr\u00f9ng UHT ti\u00ean ti\u1ebfn<\/strong>, s\u1ea3n ph\u1ea9m gi\u1eef tr\u1ecdn d\u01b0\u1ee1ng ch\u1ea5t t\u1ef1 nhi\u00ean m\u00e0 kh\u00f4ng c\u1ea7n s\u1eed d\u1ee5ng ch\u1ea5t b\u1ea3o qu\u1ea3n, \u0111\u1ed3ng th\u1eddi k\u00e9o d\u00e0i th\u1eddi gian s\u1eed d\u1ee5ng, ti\u1ec7n l\u1ee3i cho cu\u1ed9c s\u1ed1ng b\u1eadn r\u1ed9n.<\/p>\n<p data-start=\"702\" data-end=\"834\">\u0110i\u1ec3m n\u1ed5i b\u1eadt c\u1ee7a Green Farm T\u1ed5 Y\u1ebfn l\u00e0 s\u1ef1 b\u1ed5 sung <strong data-start=\"751\" data-end=\"771\">tinh ch\u1ea5t t\u1ed5 y\u1ebfn<\/strong>, gi\u00fap t\u0103ng gi\u00e1 tr\u1ecb dinh d\u01b0\u1ee1ng v\u00e0 mang l\u1ea1i nhi\u1ec1u l\u1ee3i \u00edch nh\u01b0:<\/p>\n<ul data-start=\"835\" data-end=\"982\">\n<li data-section-id=\"9ri5ux\" data-start=\"835\" data-end=\"873\"><strong data-start=\"837\" data-end=\"871\">H\u1ed7 tr\u1ee3 t\u0103ng c\u01b0\u1eddng s\u1ee9c \u0111\u1ec1 kh\u00e1ng<\/strong><\/li>\n<li data-section-id=\"12cln12\" data-start=\"874\" data-end=\"934\"><strong data-start=\"876\" data-end=\"932\">B\u1ed5 sung d\u01b0\u1ee1ng ch\u1ea5t gi\u00fap c\u01a1 th\u1ec3 ph\u1ee5c h\u1ed3i v\u00e0 kh\u1ecfe m\u1ea1nh<\/strong><\/li>\n<li data-section-id=\"x1rjsa\" data-start=\"935\" data-end=\"982\"><strong data-start=\"937\" data-end=\"980\">G\u00f3p ph\u1ea7n l\u00e0m \u0111\u1eb9p da, c\u1ea3i thi\u1ec7n s\u1ee9c s\u1ed1ng<\/strong><\/li>\n<\/ul>\n<p data-start=\"984\" data-end=\"1069\">B\u00ean c\u1ea1nh \u0111\u00f3, s\u1ea3n ph\u1ea9m v\u1eabn cung c\u1ea5p \u0111\u1ea7y \u0111\u1ee7 c\u00e1c d\u01b0\u1ee1ng ch\u1ea5t thi\u1ebft y\u1ebfu t\u1eeb s\u1eefa t\u01b0\u01a1i nh\u01b0:<\/p>\n<ul data-start=\"1070\" data-end=\"1317\">\n<li data-section-id=\"udpgti\" data-start=\"1070\" data-end=\"1135\"><strong data-start=\"1072\" data-end=\"1098\">Protein ch\u1ea5t l\u01b0\u1ee3ng cao<\/strong>: h\u1ed7 tr\u1ee3 x\u00e2y d\u1ef1ng v\u00e0 duy tr\u00ec c\u01a1 b\u1eafp<\/li>\n<li data-section-id=\"nuer63\" data-start=\"1136\" data-end=\"1179\"><strong data-start=\"1138\" data-end=\"1147\">Canxi<\/strong>: gi\u00fap x\u01b0\u01a1ng v\u00e0 r\u0103ng ch\u1eafc kh\u1ecfe<\/li>\n<li data-section-id=\"10itdys\" data-start=\"1180\" data-end=\"1251\"><strong data-start=\"1182\" data-end=\"1207\">Vitamin A, D, B2, B12<\/strong>: h\u1ed7 tr\u1ee3 chuy\u1ec3n h\u00f3a v\u00e0 t\u0103ng c\u01b0\u1eddng \u0111\u1ec1 kh\u00e1ng<\/li>\n<li data-section-id=\"1bcst7c\" data-start=\"1252\" data-end=\"1317\"><strong data-start=\"1254\" data-end=\"1278\">Kho\u00e1ng ch\u1ea5t t\u1ef1 nhi\u00ean<\/strong>: g\u00f3p ph\u1ea7n n\u00e2ng cao s\u1ee9c kh\u1ecfe t\u1ed5ng th\u1ec3<\/li>\n<\/ul>\n<p data-start=\"1319\" data-end=\"1586\">S\u1eefa c\u00f3 <strong data-start=\"1326\" data-end=\"1352\">v\u1ecb ng\u1ecdt nh\u1eb9, thanh m\u00e1t<\/strong>, h\u00f2a quy\u1ec7n gi\u1eefa v\u1ecb s\u1eefa b\u00e9o d\u1ecbu v\u00e0 h\u01b0\u01a1ng t\u1ed5 y\u1ebfn tinh t\u1ebf, d\u1ec5 u\u1ed1ng, kh\u00f4ng g\u00e2y ng\u1ea5y. S\u1ea3n ph\u1ea9m ph\u00f9 h\u1ee3p cho nhi\u1ec1u \u0111\u1ed1i t\u01b0\u1ee3ng nh\u01b0 ng\u01b0\u1eddi l\u1edbn, ng\u01b0\u1eddi c\u1ea7n b\u1ed3i b\u1ed5 s\u1ee9c kh\u1ecfe, ng\u01b0\u1eddi l\u00e0m vi\u1ec7c c\u0103ng th\u1eb3ng ho\u1eb7c mu\u1ed1n b\u1ed5 sung dinh d\u01b0\u1ee1ng ti\u1ec7n l\u1ee3i m\u1ed7i ng\u00e0y.<\/p>\n<p data-start=\"1588\" data-end=\"1813\" data-is-last-node=\"\" data-is-only-node=\"\">S\u1eefa t\u01b0\u01a1i ti\u1ec7t tr\u00f9ng Green Farm T\u1ed5 Y\u1ebfn kh\u00f4ng ch\u1ec9 l\u00e0 th\u1ee9c u\u1ed1ng dinh d\u01b0\u1ee1ng m\u00e0 c\u00f2n l\u00e0 <strong data-start=\"1670\" data-end=\"1711\">gi\u1ea3i ph\u00e1p ch\u0103m s\u00f3c s\u1ee9c kh\u1ecfe to\u00e0n di\u1ec7n<\/strong>, gi\u00fap b\u1ea1n duy tr\u00ec n\u0103ng l\u01b0\u1ee3ng, t\u0103ng c\u01b0\u1eddng s\u1ee9c \u0111\u1ec1 kh\u00e1ng v\u00e0 t\u1eadn h\u01b0\u1edfng cu\u1ed9c s\u1ed1ng ch\u1ea5t l\u01b0\u1ee3ng h\u01a1n m\u1ed7i ng\u00e0y.<\/p>\n","protected":false},"excerpt":{"rendered":"<p>S\u1eefa t\u01b0\u01a1i ti\u1ec7t tr\u00f9ng Green Farm T\u1ed5 Y\u1ebfn l\u00e0 d\u00f2ng s\u1ea3n ph\u1ea9m dinh d\u01b0\u1ee1ng cao c\u1ea5p, k\u1ebft h\u1ee3p gi\u1eefa s\u1eefa b\u00f2 t\u01b0\u01a1i 100% t\u1eeb trang tr\u1ea1i Green Farm v\u00e0 t\u1ed5 y\u1ebfn \u2013 nguy\u00ean li\u1ec7u qu\u00fd \u0111\u01b0\u1ee3c bi\u1ebft \u0111\u1ebfn v\u1edbi nhi\u1ec1u l\u1ee3i \u00edch cho s\u1ee9c kh\u1ecfe. S\u1ef1 k\u1ebft h\u1ee3p \u0111\u1ed9c \u0111\u00e1o n\u00e0y mang \u0111\u1ebfn m\u1ed9t th\u1ee9c [&#8230;]\n","protected":false},"featured_media":201,"comment_status":"open","ping_status":"closed","template":"","meta":[],"product_brand":[],"product_cat":[17],"product_tag":[],"class_list":{"0":"post-193","1":"product","2":"type-product","3":"status-publish","4":"has-post-thumbnail","6":"product_cat-sua-tuoi","8":"first","9":"instock","10":"sale","11":"shipping-taxable","12":"purchasable","13":"product-type-variable"},"yoast_head":"<!-- This site is optimized with the Yoast SEO plugin v27.4 - https:\/\/yoast.com\/product\/yoast-seo-wordpress\/ -->\n<title>Green Farm T\u1ed5 Y\u1ebfn - vinamilk<\/title>\n<meta name=\"description\" content=\"S\u1eefa t\u01b0\u01a1i ti\u1ec7t tr\u00f9ng Green Farm T\u1ed5 Y\u1ebfn kh\u00f4ng ch\u1ec9 l\u00e0 th\u1ee9c u\u1ed1ng dinh d\u01b0\u1ee1ng m\u00e0 c\u00f2n l\u00e0 gi\u1ea3i ph\u00e1p ch\u0103m s\u00f3c s\u1ee9c kh\u1ecfe to\u00e0n di\u1ec7n, gi\u00fap b\u1ea1n duy tr\u00ec n\u0103ng l\u01b0\u1ee3ng\" \/>\n<meta name=\"robots\" content=\"index, follow, max-snippet:-1, max-image-preview:large, max-video-preview:-1\" \/>\n<link rel=\"canonical\" href=\"https:\/\/vinamilk.azdigi.shop\/index.php\/san-pham\/green-farm-to-yen\/\" \/>\n<meta property=\"og:locale\" content=\"vi_VN\" \/>\n<meta property=\"og:type\" content=\"article\" \/>\n<meta property=\"og:title\" content=\"Green Farm T\u1ed5 Y\u1ebfn - vinamilk\" \/>\n<meta property=\"og:description\" content=\"S\u1eefa t\u01b0\u01a1i ti\u1ec7t tr\u00f9ng Green Farm T\u1ed5 Y\u1ebfn kh\u00f4ng ch\u1ec9 l\u00e0 th\u1ee9c u\u1ed1ng dinh d\u01b0\u1ee1ng m\u00e0 c\u00f2n l\u00e0 gi\u1ea3i ph\u00e1p ch\u0103m s\u00f3c s\u1ee9c kh\u1ecfe to\u00e0n di\u1ec7n, gi\u00fap b\u1ea1n duy tr\u00ec n\u0103ng l\u01b0\u1ee3ng\" \/>\n<meta property=\"og:url\" content=\"https:\/\/vinamilk.azdigi.shop\/index.php\/san-pham\/green-farm-to-yen\/\" \/>\n<meta property=\"og:site_name\" content=\"vinamilk\" \/>\n<meta property=\"article:modified_time\" content=\"2026-04-22T16:47:17+00:00\" \/>\n<meta property=\"og:image\" content=\"https:\/\/vinamilk.azdigi.shop\/wp-content\/uploads\/2026\/04\/ST_Tiet_trung_GF_To_Yen_180_01_3fc2e676f8.png\" \/>\n\t<meta property=\"og:image:width\" content=\"1500\" \/>\n\t<meta property=\"og:image:height\" content=\"1500\" \/>\n\t<meta property=\"og:image:type\" content=\"image\/png\" \/>\n<meta name=\"twitter:card\" content=\"summary_large_image\" \/>\n<meta name=\"twitter:label1\" content=\"\u01af\u1edbc t\u00ednh th\u1eddi gian \u0111\u1ecdc\" \/>\n\t<meta name=\"twitter:data1\" content=\"3 ph\u00fat\" \/>\n<script type=\"application\/ld+json\" class=\"yoast-schema-graph\">{\"@context\":\"https:\\\/\\\/schema.org\",\"@graph\":[{\"@type\":\"WebPage\",\"@id\":\"https:\\\/\\\/vinamilk.azdigi.shop\\\/index.php\\\/san-pham\\\/green-farm-to-yen\\\/\",\"url\":\"https:\\\/\\\/vinamilk.azdigi.shop\\\/index.php\\\/san-pham\\\/green-farm-to-yen\\\/\",\"name\":\"Green Farm T\u1ed5 Y\u1ebfn - vinamilk\",\"isPartOf\":{\"@id\":\"https:\\\/\\\/vinamilk.azdigi.shop\\\/#website\"},\"primaryImageOfPage\":{\"@id\":\"https:\\\/\\\/vinamilk.azdigi.shop\\\/index.php\\\/san-pham\\\/green-farm-to-yen\\\/#primaryimage\"},\"image\":{\"@id\":\"https:\\\/\\\/vinamilk.azdigi.shop\\\/index.php\\\/san-pham\\\/green-farm-to-yen\\\/#primaryimage\"},\"thumbnailUrl\":\"https:\\\/\\\/vinamilk.azdigi.shop\\\/wp-content\\\/uploads\\\/2026\\\/04\\\/ST_Tiet_trung_GF_To_Yen_180_01_3fc2e676f8.png\",\"datePublished\":\"2026-04-22T16:47:16+00:00\",\"dateModified\":\"2026-04-22T16:47:17+00:00\",\"description\":\"S\u1eefa t\u01b0\u01a1i ti\u1ec7t tr\u00f9ng Green Farm T\u1ed5 Y\u1ebfn kh\u00f4ng ch\u1ec9 l\u00e0 th\u1ee9c u\u1ed1ng dinh d\u01b0\u1ee1ng m\u00e0 c\u00f2n l\u00e0 gi\u1ea3i ph\u00e1p ch\u0103m s\u00f3c s\u1ee9c kh\u1ecfe to\u00e0n di\u1ec7n, gi\u00fap b\u1ea1n duy tr\u00ec n\u0103ng l\u01b0\u1ee3ng\",\"breadcrumb\":{\"@id\":\"https:\\\/\\\/vinamilk.azdigi.shop\\\/index.php\\\/san-pham\\\/green-farm-to-yen\\\/#breadcrumb\"},\"inLanguage\":\"vi\",\"potentialAction\":[{\"@type\":\"ReadAction\",\"target\":[\"https:\\\/\\\/vinamilk.azdigi.shop\\\/index.php\\\/san-pham\\\/green-farm-to-yen\\\/\"]}]},{\"@type\":\"ImageObject\",\"inLanguage\":\"vi\",\"@id\":\"https:\\\/\\\/vinamilk.azdigi.shop\\\/index.php\\\/san-pham\\\/green-farm-to-yen\\\/#primaryimage\",\"url\":\"https:\\\/\\\/vinamilk.azdigi.shop\\\/wp-content\\\/uploads\\\/2026\\\/04\\\/ST_Tiet_trung_GF_To_Yen_180_01_3fc2e676f8.png\",\"contentUrl\":\"https:\\\/\\\/vinamilk.azdigi.shop\\\/wp-content\\\/uploads\\\/2026\\\/04\\\/ST_Tiet_trung_GF_To_Yen_180_01_3fc2e676f8.png\",\"width\":1500,\"height\":1500},{\"@type\":\"BreadcrumbList\",\"@id\":\"https:\\\/\\\/vinamilk.azdigi.shop\\\/index.php\\\/san-pham\\\/green-farm-to-yen\\\/#breadcrumb\",\"itemListElement\":[{\"@type\":\"ListItem\",\"position\":1,\"name\":\"Trang ch\u1ee7\",\"item\":\"https:\\\/\\\/vinamilk.azdigi.shop\\\/\"},{\"@type\":\"ListItem\",\"position\":2,\"name\":\"C\u1eeda h\u00e0ng\",\"item\":\"https:\\\/\\\/vinamilk.azdigi.shop\\\/index.php\\\/cua-hang\\\/\"},{\"@type\":\"ListItem\",\"position\":3,\"name\":\"Green Farm T\u1ed5 Y\u1ebfn\"}]},{\"@type\":\"WebSite\",\"@id\":\"https:\\\/\\\/vinamilk.azdigi.shop\\\/#website\",\"url\":\"https:\\\/\\\/vinamilk.azdigi.shop\\\/\",\"name\":\"vinamilk\",\"description\":\"\",\"potentialAction\":[{\"@type\":\"SearchAction\",\"target\":{\"@type\":\"EntryPoint\",\"urlTemplate\":\"https:\\\/\\\/vinamilk.azdigi.shop\\\/?s={search_term_string}\"},\"query-input\":{\"@type\":\"PropertyValueSpecification\",\"valueRequired\":true,\"valueName\":\"search_term_string\"}}],\"inLanguage\":\"vi\"}]}<\/script>\n<!-- \/ Yoast SEO plugin. -->","yoast_head_json":{"title":"Green Farm T\u1ed5 Y\u1ebfn - vinamilk","description":"S\u1eefa t\u01b0\u01a1i ti\u1ec7t tr\u00f9ng Green Farm T\u1ed5 Y\u1ebfn kh\u00f4ng ch\u1ec9 l\u00e0 th\u1ee9c u\u1ed1ng dinh d\u01b0\u1ee1ng m\u00e0 c\u00f2n l\u00e0 gi\u1ea3i ph\u00e1p ch\u0103m s\u00f3c s\u1ee9c kh\u1ecfe to\u00e0n di\u1ec7n, gi\u00fap b\u1ea1n duy tr\u00ec n\u0103ng l\u01b0\u1ee3ng","robots":{"index":"index","follow":"follow","max-snippet":"max-snippet:-1","max-image-preview":"max-image-preview:large","max-video-preview":"max-video-preview:-1"},"canonical":"https:\/\/vinamilk.azdigi.shop\/index.php\/san-pham\/green-farm-to-yen\/","og_locale":"vi_VN","og_type":"article","og_title":"Green Farm T\u1ed5 Y\u1ebfn - vinamilk","og_description":"S\u1eefa t\u01b0\u01a1i ti\u1ec7t tr\u00f9ng Green Farm T\u1ed5 Y\u1ebfn kh\u00f4ng ch\u1ec9 l\u00e0 th\u1ee9c u\u1ed1ng dinh d\u01b0\u1ee1ng m\u00e0 c\u00f2n l\u00e0 gi\u1ea3i ph\u00e1p ch\u0103m s\u00f3c s\u1ee9c kh\u1ecfe to\u00e0n di\u1ec7n, gi\u00fap b\u1ea1n duy tr\u00ec n\u0103ng l\u01b0\u1ee3ng","og_url":"https:\/\/vinamilk.azdigi.shop\/index.php\/san-pham\/green-farm-to-yen\/","og_site_name":"vinamilk","article_modified_time":"2026-04-22T16:47:17+00:00","og_image":[{"width":1500,"height":1500,"url":"https:\/\/vinamilk.azdigi.shop\/wp-content\/uploads\/2026\/04\/ST_Tiet_trung_GF_To_Yen_180_01_3fc2e676f8.png","type":"image\/png"}],"twitter_card":"summary_large_image","twitter_misc":{"\u01af\u1edbc t\u00ednh th\u1eddi gian \u0111\u1ecdc":"3 ph\u00fat"},"schema":{"@context":"https:\/\/schema.org","@graph":[{"@type":"WebPage","@id":"https:\/\/vinamilk.azdigi.shop\/index.php\/san-pham\/green-farm-to-yen\/","url":"https:\/\/vinamilk.azdigi.shop\/index.php\/san-pham\/green-farm-to-yen\/","name":"Green Farm T\u1ed5 Y\u1ebfn - vinamilk","isPartOf":{"@id":"https:\/\/vinamilk.azdigi.shop\/#website"},"primaryImageOfPage":{"@id":"https:\/\/vinamilk.azdigi.shop\/index.php\/san-pham\/green-farm-to-yen\/#primaryimage"},"image":{"@id":"https:\/\/vinamilk.azdigi.shop\/index.php\/san-pham\/green-farm-to-yen\/#primaryimage"},"thumbnailUrl":"https:\/\/vinamilk.azdigi.shop\/wp-content\/uploads\/2026\/04\/ST_Tiet_trung_GF_To_Yen_180_01_3fc2e676f8.png","datePublished":"2026-04-22T16:47:16+00:00","dateModified":"2026-04-22T16:47:17+00:00","description":"S\u1eefa t\u01b0\u01a1i ti\u1ec7t tr\u00f9ng Green Farm T\u1ed5 Y\u1ebfn kh\u00f4ng ch\u1ec9 l\u00e0 th\u1ee9c u\u1ed1ng dinh d\u01b0\u1ee1ng m\u00e0 c\u00f2n l\u00e0 gi\u1ea3i ph\u00e1p ch\u0103m s\u00f3c s\u1ee9c kh\u1ecfe to\u00e0n di\u1ec7n, gi\u00fap b\u1ea1n duy tr\u00ec n\u0103ng l\u01b0\u1ee3ng","breadcrumb":{"@id":"https:\/\/vinamilk.azdigi.shop\/index.php\/san-pham\/green-farm-to-yen\/#breadcrumb"},"inLanguage":"vi","potentialAction":[{"@type":"ReadAction","target":["https:\/\/vinamilk.azdigi.shop\/index.php\/san-pham\/green-farm-to-yen\/"]}]},{"@type":"ImageObject","inLanguage":"vi","@id":"https:\/\/vinamilk.azdigi.shop\/index.php\/san-pham\/green-farm-to-yen\/#primaryimage","url":"https:\/\/vinamilk.azdigi.shop\/wp-content\/uploads\/2026\/04\/ST_Tiet_trung_GF_To_Yen_180_01_3fc2e676f8.png","contentUrl":"https:\/\/vinamilk.azdigi.shop\/wp-content\/uploads\/2026\/04\/ST_Tiet_trung_GF_To_Yen_180_01_3fc2e676f8.png","width":1500,"height":1500},{"@type":"BreadcrumbList","@id":"https:\/\/vinamilk.azdigi.shop\/index.php\/san-pham\/green-farm-to-yen\/#breadcrumb","itemListElement":[{"@type":"ListItem","position":1,"name":"Trang ch\u1ee7","item":"https:\/\/vinamilk.azdigi.shop\/"},{"@type":"ListItem","position":2,"name":"C\u1eeda h\u00e0ng","item":"https:\/\/vinamilk.azdigi.shop\/index.php\/cua-hang\/"},{"@type":"ListItem","position":3,"name":"Green Farm T\u1ed5 Y\u1ebfn"}]},{"@type":"WebSite","@id":"https:\/\/vinamilk.azdigi.shop\/#website","url":"https:\/\/vinamilk.azdigi.shop\/","name":"vinamilk","description":"","potentialAction":[{"@type":"SearchAction","target":{"@type":"EntryPoint","urlTemplate":"https:\/\/vinamilk.azdigi.shop\/?s={search_term_string}"},"query-input":{"@type":"PropertyValueSpecification","valueRequired":true,"valueName":"search_term_string"}}],"inLanguage":"vi"}]}},"_links":{"self":[{"href":"https:\/\/vinamilk.azdigi.shop\/index.php\/wp-json\/wp\/v2\/product\/193","targetHints":{"allow":["GET"]}}],"collection":[{"href":"https:\/\/vinamilk.azdigi.shop\/index.php\/wp-json\/wp\/v2\/product"}],"about":[{"href":"https:\/\/vinamilk.azdigi.shop\/index.php\/wp-json\/wp\/v2\/types\/product"}],"replies":[{"embeddable":true,"href":"https:\/\/vinamilk.azdigi.shop\/index.php\/wp-json\/wp\/v2\/comments?post=193"}],"wp:featuredmedia":[{"embeddable":true,"href":"https:\/\/vinamilk.azdigi.shop\/index.php\/wp-json\/wp\/v2\/media\/201"}],"wp:attachment":[{"href":"https:\/\/vinamilk.azdigi.shop\/index.php\/wp-json\/wp\/v2\/media?parent=193"}],"wp:term":[{"taxonomy":"product_brand","embeddable":true,"href":"https:\/\/vinamilk.azdigi.shop\/index.php\/wp-json\/wp\/v2\/product_brand?post=193"},{"taxonomy":"product_cat","embeddable":true,"href":"https:\/\/vinamilk.azdigi.shop\/index.php\/wp-json\/wp\/v2\/product_cat?post=193"},{"taxonomy":"product_tag","embeddable":true,"href":"https:\/\/vinamilk.azdigi.shop\/index.php\/wp-json\/wp\/v2\/product_tag?post=193"}],"curies":[{"name":"wp","href":"https:\/\/api.w.org\/{rel}","templated":true}]}}