{"id":195,"date":"2026-04-22T17:03:03","date_gmt":"2026-04-22T17:03:03","guid":{"rendered":"https:\/\/vinamilk.azdigi.shop\/?post_type=product&#038;p=195"},"modified":"2026-04-22T17:03:03","modified_gmt":"2026-04-22T17:03:03","slug":"green-farm-rat-it-duong","status":"publish","type":"product","link":"https:\/\/vinamilk.azdigi.shop\/index.php\/san-pham\/green-farm-rat-it-duong\/","title":{"rendered":"Green Farm R\u1ea5t \u00edt \u0111\u01b0\u1eddng"},"content":{"rendered":"<p data-start=\"0\" data-end=\"384\">S\u1eefa t\u01b0\u01a1i ti\u1ec7t tr\u00f9ng <strong data-start=\"20\" data-end=\"47\">Green Farm R\u1ea5t \u00cdt \u0110\u01b0\u1eddng<\/strong> l\u00e0 l\u1ef1a ch\u1ecdn l\u00fd t\u01b0\u1edfng cho nh\u1eefng ai mu\u1ed1n <strong data-start=\"87\" data-end=\"107\">gi\u1ea3m l\u01b0\u1ee3ng \u0111\u01b0\u1eddng<\/strong> trong ch\u1ebf \u0111\u1ed9 \u0103n nh\u01b0ng v\u1eabn \u0111\u1ea3m b\u1ea3o ngu\u1ed3n dinh d\u01b0\u1ee1ng thi\u1ebft y\u1ebfu m\u1ed7i ng\u00e0y. S\u1ea3n ph\u1ea9m \u0111\u01b0\u1ee3c l\u00e0m t\u1eeb <strong data-start=\"200\" data-end=\"229\">100% s\u1eefa b\u00f2 t\u01b0\u01a1i ch\u1ecdn l\u1ecdc<\/strong> t\u1ea1i c\u00e1c trang tr\u1ea1i Green Farm \u0111\u1ea1t chu\u1ea9n, n\u01a1i b\u00f2 s\u1eefa \u0111\u01b0\u1ee3c ch\u0103m s\u00f3c trong m\u00f4i tr\u01b0\u1eddng t\u1ef1 nhi\u00ean, mang \u0111\u1ebfn ngu\u1ed3n s\u1eefa <strong data-start=\"342\" data-end=\"383\">t\u01b0\u01a1i s\u1ea1ch, an to\u00e0n v\u00e0 gi\u00e0u d\u01b0\u1ee1ng ch\u1ea5t<\/strong>.<\/p>\n<p data-start=\"386\" data-end=\"719\">V\u1edbi c\u00f4ng th\u1ee9c <strong data-start=\"400\" data-end=\"435\">gi\u1ea3m t\u1ed1i \u0111a l\u01b0\u1ee3ng \u0111\u01b0\u1eddng b\u1ed5 sung<\/strong>, Green Farm R\u1ea5t \u00cdt \u0110\u01b0\u1eddng v\u1eabn gi\u1eef \u0111\u01b0\u1ee3c <strong data-start=\"474\" data-end=\"498\">v\u1ecb ng\u1ecdt nh\u1eb9 t\u1ef1 nhi\u00ean<\/strong>, k\u1ebft h\u1ee3p c\u00f9ng \u0111\u1ed9 b\u00e9o d\u1ecbu c\u1ee7a s\u1eefa, gi\u00fap ng\u01b0\u1eddi d\u00f9ng d\u1ec5 u\u1ed1ng m\u00e0 kh\u00f4ng lo n\u1ea1p qu\u00e1 nhi\u1ec1u \u0111\u01b0\u1eddng. \u0110\u00e2y l\u00e0 l\u1ef1a ch\u1ecdn ph\u00f9 h\u1ee3p cho ng\u01b0\u1eddi theo \u0111u\u1ed5i l\u1ed1i s\u1ed1ng l\u00e0nh m\u1ea1nh, ng\u01b0\u1eddi \u0103n ki\u00eang ho\u1eb7c nh\u1eefng ai mu\u1ed1n ki\u1ec3m so\u00e1t n\u0103ng l\u01b0\u1ee3ng h\u1eb1ng ng\u00e0y.<\/p>\n<p data-start=\"721\" data-end=\"917\">S\u1ea3n ph\u1ea9m \u0111\u01b0\u1ee3c x\u1eed l\u00fd b\u1eb1ng <strong data-start=\"746\" data-end=\"783\">c\u00f4ng ngh\u1ec7 ti\u1ec7t tr\u00f9ng UHT hi\u1ec7n \u0111\u1ea1i<\/strong>, gi\u00fap gi\u1eef tr\u1ecdn d\u01b0\u1ee1ng ch\u1ea5t t\u1ef1 nhi\u00ean v\u00e0 k\u00e9o d\u00e0i th\u1eddi gian b\u1ea3o qu\u1ea3n m\u00e0 kh\u00f4ng c\u1ea7n ch\u1ea5t b\u1ea3o qu\u1ea3n, \u0111\u1ea3m b\u1ea3o ti\u1ec7n l\u1ee3i v\u00e0 an to\u00e0n khi s\u1eed d\u1ee5ng.<\/p>\n<p data-start=\"919\" data-end=\"1001\">V\u1ec1 <strong data-start=\"922\" data-end=\"944\">gi\u00e1 tr\u1ecb dinh d\u01b0\u1ee1ng<\/strong>, s\u1eefa t\u01b0\u01a1i ti\u1ec7t tr\u00f9ng Green Farm R\u1ea5t \u00cdt \u0110\u01b0\u1eddng cung c\u1ea5p:<\/p>\n<ul data-start=\"1002\" data-end=\"1283\">\n<li data-section-id=\"lle2eu\" data-start=\"1002\" data-end=\"1069\"><strong data-start=\"1004\" data-end=\"1030\">Protein ch\u1ea5t l\u01b0\u1ee3ng cao<\/strong>: h\u1ed7 tr\u1ee3 ph\u00e1t tri\u1ec3n v\u00e0 duy tr\u00ec c\u01a1 b\u1eafp<\/li>\n<li data-section-id=\"1u7bmou\" data-start=\"1070\" data-end=\"1121\"><strong data-start=\"1072\" data-end=\"1089\">Canxi d\u1ed3i d\u00e0o<\/strong>: gi\u00fap x\u01b0\u01a1ng v\u00e0 r\u0103ng ch\u1eafc kh\u1ecfe<\/li>\n<li data-section-id=\"1hpjpie\" data-start=\"1122\" data-end=\"1204\"><strong data-start=\"1124\" data-end=\"1149\">Vitamin A, D, B2, B12<\/strong>: t\u0103ng c\u01b0\u1eddng \u0111\u1ec1 kh\u00e1ng v\u00e0 h\u1ed7 tr\u1ee3 chuy\u1ec3n h\u00f3a n\u0103ng l\u01b0\u1ee3ng<\/li>\n<li data-section-id=\"1n71npn\" data-start=\"1205\" data-end=\"1283\"><strong data-start=\"1207\" data-end=\"1219\">\u00cdt \u0111\u01b0\u1eddng<\/strong>: ph\u00f9 h\u1ee3p ki\u1ec3m so\u00e1t ch\u1ebf \u0111\u1ed9 \u0103n, gi\u1ea3m nguy c\u01a1 d\u01b0 th\u1eeba n\u0103ng l\u01b0\u1ee3ng<\/li>\n<\/ul>\n<p data-start=\"1285\" data-end=\"1505\">S\u1eefa c\u00f3 k\u1ebft c\u1ea5u m\u1ecbn, v\u1ecb thanh nh\u1eb9, kh\u00f4ng g\u00e2y ng\u1ea5y, ph\u00f9 h\u1ee3p cho nhi\u1ec1u \u0111\u1ed1i t\u01b0\u1ee3ng nh\u01b0 d\u00e2n v\u0103n ph\u00f2ng, ng\u01b0\u1eddi l\u1edbn tu\u1ed5i, ng\u01b0\u1eddi t\u1eadp luy\u1ec7n th\u1ec3 thao ho\u1eb7c b\u1ea5t k\u1ef3 ai \u0111ang t\u00ecm ki\u1ebfm m\u1ed9t s\u1ea3n ph\u1ea9m <strong data-start=\"1465\" data-end=\"1504\">s\u1eefa t\u01b0\u01a1i \u00edt \u0111\u01b0\u1eddng, t\u1ed1t cho s\u1ee9c kh\u1ecfe<\/strong>.<\/p>\n<p data-start=\"1507\" data-end=\"1702\" data-is-last-node=\"\" data-is-only-node=\"\">Green Farm R\u1ea5t \u00cdt \u0110\u01b0\u1eddng kh\u00f4ng ch\u1ec9 l\u00e0 th\u1ee9c u\u1ed1ng dinh d\u01b0\u1ee1ng m\u00e0 c\u00f2n l\u00e0 gi\u1ea3i ph\u00e1p c\u00e2n b\u1eb1ng gi\u1eefa <strong data-start=\"1599\" data-end=\"1626\">ngon mi\u1ec7ng v\u00e0 l\u00e0nh m\u1ea1nh<\/strong>, gi\u00fap b\u1ea1n duy tr\u00ec n\u0103ng l\u01b0\u1ee3ng v\u00e0 ch\u0103m s\u00f3c c\u01a1 th\u1ec3 m\u1ed9t c\u00e1ch khoa h\u1ecdc m\u1ed7i ng\u00e0y.<\/p>\n","protected":false},"excerpt":{"rendered":"<p>S\u1eefa t\u01b0\u01a1i ti\u1ec7t tr\u00f9ng Green Farm R\u1ea5t \u00cdt \u0110\u01b0\u1eddng l\u00e0 l\u1ef1a ch\u1ecdn l\u00fd t\u01b0\u1edfng cho nh\u1eefng ai mu\u1ed1n gi\u1ea3m l\u01b0\u1ee3ng \u0111\u01b0\u1eddng trong ch\u1ebf \u0111\u1ed9 \u0103n nh\u01b0ng v\u1eabn \u0111\u1ea3m b\u1ea3o ngu\u1ed3n dinh d\u01b0\u1ee1ng thi\u1ebft y\u1ebfu m\u1ed7i ng\u00e0y. S\u1ea3n ph\u1ea9m \u0111\u01b0\u1ee3c l\u00e0m t\u1eeb 100% s\u1eefa b\u00f2 t\u01b0\u01a1i ch\u1ecdn l\u1ecdc t\u1ea1i c\u00e1c trang tr\u1ea1i Green Farm \u0111\u1ea1t chu\u1ea9n, [&#8230;]\n","protected":false},"featured_media":208,"comment_status":"open","ping_status":"closed","template":"","meta":[],"product_brand":[],"product_cat":[17],"product_tag":[],"class_list":{"0":"post-195","1":"product","2":"type-product","3":"status-publish","4":"has-post-thumbnail","6":"product_cat-sua-tuoi","8":"first","9":"instock","10":"sale","11":"shipping-taxable","12":"purchasable","13":"product-type-variable"},"yoast_head":"<!-- This site is optimized with the Yoast SEO plugin v27.4 - https:\/\/yoast.com\/product\/yoast-seo-wordpress\/ -->\n<title>Green Farm R\u1ea5t \u00edt \u0111\u01b0\u1eddng - vinamilk<\/title>\n<meta name=\"description\" content=\"Green Farm R\u1ea5t \u00cdt \u0110\u01b0\u1eddng kh\u00f4ng ch\u1ec9 l\u00e0 th\u1ee9c u\u1ed1ng dinh d\u01b0\u1ee1ng m\u00e0 c\u00f2n l\u00e0 gi\u1ea3i ph\u00e1p c\u00e2n b\u1eb1ng gi\u1eefa ngon mi\u1ec7ng v\u00e0 l\u00e0nh m\u1ea1nh, gi\u00fap b\u1ea1n duy tr\u00ec n\u0103ng l\u01b0\u1ee3ng\" \/>\n<meta name=\"robots\" content=\"index, follow, max-snippet:-1, max-image-preview:large, max-video-preview:-1\" \/>\n<link rel=\"canonical\" href=\"https:\/\/vinamilk.azdigi.shop\/index.php\/san-pham\/green-farm-rat-it-duong\/\" \/>\n<meta property=\"og:locale\" content=\"vi_VN\" \/>\n<meta property=\"og:type\" content=\"article\" \/>\n<meta property=\"og:title\" content=\"Green Farm R\u1ea5t \u00edt \u0111\u01b0\u1eddng - vinamilk\" \/>\n<meta property=\"og:description\" content=\"Green Farm R\u1ea5t \u00cdt \u0110\u01b0\u1eddng kh\u00f4ng ch\u1ec9 l\u00e0 th\u1ee9c u\u1ed1ng dinh d\u01b0\u1ee1ng m\u00e0 c\u00f2n l\u00e0 gi\u1ea3i ph\u00e1p c\u00e2n b\u1eb1ng gi\u1eefa ngon mi\u1ec7ng v\u00e0 l\u00e0nh m\u1ea1nh, gi\u00fap b\u1ea1n duy tr\u00ec n\u0103ng l\u01b0\u1ee3ng\" \/>\n<meta property=\"og:url\" content=\"https:\/\/vinamilk.azdigi.shop\/index.php\/san-pham\/green-farm-rat-it-duong\/\" \/>\n<meta property=\"og:site_name\" content=\"vinamilk\" \/>\n<meta property=\"og:image\" content=\"https:\/\/vinamilk.azdigi.shop\/wp-content\/uploads\/2026\/04\/ST_Tiet_trung_GF_RID_1_Lvuong_01_b26991330e_d0acc2edd3.png\" \/>\n\t<meta property=\"og:image:width\" content=\"1500\" \/>\n\t<meta property=\"og:image:height\" content=\"1500\" \/>\n\t<meta property=\"og:image:type\" content=\"image\/png\" \/>\n<meta name=\"twitter:card\" content=\"summary_large_image\" \/>\n<meta name=\"twitter:label1\" content=\"\u01af\u1edbc t\u00ednh th\u1eddi gian \u0111\u1ecdc\" \/>\n\t<meta name=\"twitter:data1\" content=\"3 ph\u00fat\" \/>\n<script type=\"application\/ld+json\" class=\"yoast-schema-graph\">{\"@context\":\"https:\\\/\\\/schema.org\",\"@graph\":[{\"@type\":\"WebPage\",\"@id\":\"https:\\\/\\\/vinamilk.azdigi.shop\\\/index.php\\\/san-pham\\\/green-farm-rat-it-duong\\\/\",\"url\":\"https:\\\/\\\/vinamilk.azdigi.shop\\\/index.php\\\/san-pham\\\/green-farm-rat-it-duong\\\/\",\"name\":\"Green Farm R\u1ea5t \u00edt \u0111\u01b0\u1eddng - vinamilk\",\"isPartOf\":{\"@id\":\"https:\\\/\\\/vinamilk.azdigi.shop\\\/#website\"},\"primaryImageOfPage\":{\"@id\":\"https:\\\/\\\/vinamilk.azdigi.shop\\\/index.php\\\/san-pham\\\/green-farm-rat-it-duong\\\/#primaryimage\"},\"image\":{\"@id\":\"https:\\\/\\\/vinamilk.azdigi.shop\\\/index.php\\\/san-pham\\\/green-farm-rat-it-duong\\\/#primaryimage\"},\"thumbnailUrl\":\"https:\\\/\\\/vinamilk.azdigi.shop\\\/wp-content\\\/uploads\\\/2026\\\/04\\\/ST_Tiet_trung_GF_RID_1_Lvuong_01_b26991330e_d0acc2edd3.png\",\"datePublished\":\"2026-04-22T17:03:03+00:00\",\"description\":\"Green Farm R\u1ea5t \u00cdt \u0110\u01b0\u1eddng kh\u00f4ng ch\u1ec9 l\u00e0 th\u1ee9c u\u1ed1ng dinh d\u01b0\u1ee1ng m\u00e0 c\u00f2n l\u00e0 gi\u1ea3i ph\u00e1p c\u00e2n b\u1eb1ng gi\u1eefa ngon mi\u1ec7ng v\u00e0 l\u00e0nh m\u1ea1nh, gi\u00fap b\u1ea1n duy tr\u00ec n\u0103ng l\u01b0\u1ee3ng\",\"breadcrumb\":{\"@id\":\"https:\\\/\\\/vinamilk.azdigi.shop\\\/index.php\\\/san-pham\\\/green-farm-rat-it-duong\\\/#breadcrumb\"},\"inLanguage\":\"vi\",\"potentialAction\":[{\"@type\":\"ReadAction\",\"target\":[\"https:\\\/\\\/vinamilk.azdigi.shop\\\/index.php\\\/san-pham\\\/green-farm-rat-it-duong\\\/\"]}]},{\"@type\":\"ImageObject\",\"inLanguage\":\"vi\",\"@id\":\"https:\\\/\\\/vinamilk.azdigi.shop\\\/index.php\\\/san-pham\\\/green-farm-rat-it-duong\\\/#primaryimage\",\"url\":\"https:\\\/\\\/vinamilk.azdigi.shop\\\/wp-content\\\/uploads\\\/2026\\\/04\\\/ST_Tiet_trung_GF_RID_1_Lvuong_01_b26991330e_d0acc2edd3.png\",\"contentUrl\":\"https:\\\/\\\/vinamilk.azdigi.shop\\\/wp-content\\\/uploads\\\/2026\\\/04\\\/ST_Tiet_trung_GF_RID_1_Lvuong_01_b26991330e_d0acc2edd3.png\",\"width\":1500,\"height\":1500},{\"@type\":\"BreadcrumbList\",\"@id\":\"https:\\\/\\\/vinamilk.azdigi.shop\\\/index.php\\\/san-pham\\\/green-farm-rat-it-duong\\\/#breadcrumb\",\"itemListElement\":[{\"@type\":\"ListItem\",\"position\":1,\"name\":\"Trang ch\u1ee7\",\"item\":\"https:\\\/\\\/vinamilk.azdigi.shop\\\/\"},{\"@type\":\"ListItem\",\"position\":2,\"name\":\"C\u1eeda h\u00e0ng\",\"item\":\"https:\\\/\\\/vinamilk.azdigi.shop\\\/index.php\\\/cua-hang\\\/\"},{\"@type\":\"ListItem\",\"position\":3,\"name\":\"Green Farm R\u1ea5t \u00edt \u0111\u01b0\u1eddng\"}]},{\"@type\":\"WebSite\",\"@id\":\"https:\\\/\\\/vinamilk.azdigi.shop\\\/#website\",\"url\":\"https:\\\/\\\/vinamilk.azdigi.shop\\\/\",\"name\":\"vinamilk\",\"description\":\"\",\"potentialAction\":[{\"@type\":\"SearchAction\",\"target\":{\"@type\":\"EntryPoint\",\"urlTemplate\":\"https:\\\/\\\/vinamilk.azdigi.shop\\\/?s={search_term_string}\"},\"query-input\":{\"@type\":\"PropertyValueSpecification\",\"valueRequired\":true,\"valueName\":\"search_term_string\"}}],\"inLanguage\":\"vi\"}]}<\/script>\n<!-- \/ Yoast SEO plugin. -->","yoast_head_json":{"title":"Green Farm R\u1ea5t \u00edt \u0111\u01b0\u1eddng - vinamilk","description":"Green Farm R\u1ea5t \u00cdt \u0110\u01b0\u1eddng kh\u00f4ng ch\u1ec9 l\u00e0 th\u1ee9c u\u1ed1ng dinh d\u01b0\u1ee1ng m\u00e0 c\u00f2n l\u00e0 gi\u1ea3i ph\u00e1p c\u00e2n b\u1eb1ng gi\u1eefa ngon mi\u1ec7ng v\u00e0 l\u00e0nh m\u1ea1nh, gi\u00fap b\u1ea1n duy tr\u00ec n\u0103ng l\u01b0\u1ee3ng","robots":{"index":"index","follow":"follow","max-snippet":"max-snippet:-1","max-image-preview":"max-image-preview:large","max-video-preview":"max-video-preview:-1"},"canonical":"https:\/\/vinamilk.azdigi.shop\/index.php\/san-pham\/green-farm-rat-it-duong\/","og_locale":"vi_VN","og_type":"article","og_title":"Green Farm R\u1ea5t \u00edt \u0111\u01b0\u1eddng - vinamilk","og_description":"Green Farm R\u1ea5t \u00cdt \u0110\u01b0\u1eddng kh\u00f4ng ch\u1ec9 l\u00e0 th\u1ee9c u\u1ed1ng dinh d\u01b0\u1ee1ng m\u00e0 c\u00f2n l\u00e0 gi\u1ea3i ph\u00e1p c\u00e2n b\u1eb1ng gi\u1eefa ngon mi\u1ec7ng v\u00e0 l\u00e0nh m\u1ea1nh, gi\u00fap b\u1ea1n duy tr\u00ec n\u0103ng l\u01b0\u1ee3ng","og_url":"https:\/\/vinamilk.azdigi.shop\/index.php\/san-pham\/green-farm-rat-it-duong\/","og_site_name":"vinamilk","og_image":[{"width":1500,"height":1500,"url":"https:\/\/vinamilk.azdigi.shop\/wp-content\/uploads\/2026\/04\/ST_Tiet_trung_GF_RID_1_Lvuong_01_b26991330e_d0acc2edd3.png","type":"image\/png"}],"twitter_card":"summary_large_image","twitter_misc":{"\u01af\u1edbc t\u00ednh th\u1eddi gian \u0111\u1ecdc":"3 ph\u00fat"},"schema":{"@context":"https:\/\/schema.org","@graph":[{"@type":"WebPage","@id":"https:\/\/vinamilk.azdigi.shop\/index.php\/san-pham\/green-farm-rat-it-duong\/","url":"https:\/\/vinamilk.azdigi.shop\/index.php\/san-pham\/green-farm-rat-it-duong\/","name":"Green Farm R\u1ea5t \u00edt \u0111\u01b0\u1eddng - vinamilk","isPartOf":{"@id":"https:\/\/vinamilk.azdigi.shop\/#website"},"primaryImageOfPage":{"@id":"https:\/\/vinamilk.azdigi.shop\/index.php\/san-pham\/green-farm-rat-it-duong\/#primaryimage"},"image":{"@id":"https:\/\/vinamilk.azdigi.shop\/index.php\/san-pham\/green-farm-rat-it-duong\/#primaryimage"},"thumbnailUrl":"https:\/\/vinamilk.azdigi.shop\/wp-content\/uploads\/2026\/04\/ST_Tiet_trung_GF_RID_1_Lvuong_01_b26991330e_d0acc2edd3.png","datePublished":"2026-04-22T17:03:03+00:00","description":"Green Farm R\u1ea5t \u00cdt \u0110\u01b0\u1eddng kh\u00f4ng ch\u1ec9 l\u00e0 th\u1ee9c u\u1ed1ng dinh d\u01b0\u1ee1ng m\u00e0 c\u00f2n l\u00e0 gi\u1ea3i ph\u00e1p c\u00e2n b\u1eb1ng gi\u1eefa ngon mi\u1ec7ng v\u00e0 l\u00e0nh m\u1ea1nh, gi\u00fap b\u1ea1n duy tr\u00ec n\u0103ng l\u01b0\u1ee3ng","breadcrumb":{"@id":"https:\/\/vinamilk.azdigi.shop\/index.php\/san-pham\/green-farm-rat-it-duong\/#breadcrumb"},"inLanguage":"vi","potentialAction":[{"@type":"ReadAction","target":["https:\/\/vinamilk.azdigi.shop\/index.php\/san-pham\/green-farm-rat-it-duong\/"]}]},{"@type":"ImageObject","inLanguage":"vi","@id":"https:\/\/vinamilk.azdigi.shop\/index.php\/san-pham\/green-farm-rat-it-duong\/#primaryimage","url":"https:\/\/vinamilk.azdigi.shop\/wp-content\/uploads\/2026\/04\/ST_Tiet_trung_GF_RID_1_Lvuong_01_b26991330e_d0acc2edd3.png","contentUrl":"https:\/\/vinamilk.azdigi.shop\/wp-content\/uploads\/2026\/04\/ST_Tiet_trung_GF_RID_1_Lvuong_01_b26991330e_d0acc2edd3.png","width":1500,"height":1500},{"@type":"BreadcrumbList","@id":"https:\/\/vinamilk.azdigi.shop\/index.php\/san-pham\/green-farm-rat-it-duong\/#breadcrumb","itemListElement":[{"@type":"ListItem","position":1,"name":"Trang ch\u1ee7","item":"https:\/\/vinamilk.azdigi.shop\/"},{"@type":"ListItem","position":2,"name":"C\u1eeda h\u00e0ng","item":"https:\/\/vinamilk.azdigi.shop\/index.php\/cua-hang\/"},{"@type":"ListItem","position":3,"name":"Green Farm R\u1ea5t \u00edt \u0111\u01b0\u1eddng"}]},{"@type":"WebSite","@id":"https:\/\/vinamilk.azdigi.shop\/#website","url":"https:\/\/vinamilk.azdigi.shop\/","name":"vinamilk","description":"","potentialAction":[{"@type":"SearchAction","target":{"@type":"EntryPoint","urlTemplate":"https:\/\/vinamilk.azdigi.shop\/?s={search_term_string}"},"query-input":{"@type":"PropertyValueSpecification","valueRequired":true,"valueName":"search_term_string"}}],"inLanguage":"vi"}]}},"_links":{"self":[{"href":"https:\/\/vinamilk.azdigi.shop\/index.php\/wp-json\/wp\/v2\/product\/195","targetHints":{"allow":["GET"]}}],"collection":[{"href":"https:\/\/vinamilk.azdigi.shop\/index.php\/wp-json\/wp\/v2\/product"}],"about":[{"href":"https:\/\/vinamilk.azdigi.shop\/index.php\/wp-json\/wp\/v2\/types\/product"}],"replies":[{"embeddable":true,"href":"https:\/\/vinamilk.azdigi.shop\/index.php\/wp-json\/wp\/v2\/comments?post=195"}],"wp:featuredmedia":[{"embeddable":true,"href":"https:\/\/vinamilk.azdigi.shop\/index.php\/wp-json\/wp\/v2\/media\/208"}],"wp:attachment":[{"href":"https:\/\/vinamilk.azdigi.shop\/index.php\/wp-json\/wp\/v2\/media?parent=195"}],"wp:term":[{"taxonomy":"product_brand","embeddable":true,"href":"https:\/\/vinamilk.azdigi.shop\/index.php\/wp-json\/wp\/v2\/product_brand?post=195"},{"taxonomy":"product_cat","embeddable":true,"href":"https:\/\/vinamilk.azdigi.shop\/index.php\/wp-json\/wp\/v2\/product_cat?post=195"},{"taxonomy":"product_tag","embeddable":true,"href":"https:\/\/vinamilk.azdigi.shop\/index.php\/wp-json\/wp\/v2\/product_tag?post=195"}],"curies":[{"name":"wp","href":"https:\/\/api.w.org\/{rel}","templated":true}]}}