{"id":21,"date":"2026-04-22T13:49:24","date_gmt":"2026-04-22T13:49:24","guid":{"rendered":"https:\/\/vinamilk.azdigi.shop\/?post_type=product&#038;p=21"},"modified":"2026-04-22T14:14:29","modified_gmt":"2026-04-22T14:14:29","slug":"sua-tuoi-tiet-trung-trai-cay","status":"publish","type":"product","link":"https:\/\/vinamilk.azdigi.shop\/index.php\/san-pham\/sua-tuoi-tiet-trung-trai-cay\/","title":{"rendered":"S\u1eefa t\u01b0\u01a1i ti\u1ec7t tr\u00f9ng (tr\u00e1i c\u00e2y)"},"content":{"rendered":"<p data-start=\"0\" data-end=\"436\"><strong>S\u1eefa t\u01b0\u01a1i ti\u1ec7t tr\u00f9ng Vinamilk<\/strong> v\u1ecb tr\u00e1i c\u00e2y l\u00e0 d\u00f2ng s\u1ea3n ph\u1ea9m dinh d\u01b0\u1ee1ng hi\u1ec7n \u0111\u1ea1i, k\u1ebft h\u1ee3p ho\u00e0n h\u1ea3o gi\u1eefa s\u1eefa b\u00f2 t\u01b0\u01a1i nguy\u00ean ch\u1ea5t 100% v\u00e0 h\u01b0\u01a1ng v\u1ecb tr\u00e1i c\u00e2y t\u1ef1 nhi\u00ean nh\u01b0 d\u1eeba, chu\u1ed1i, d\u01b0a l\u01b0\u1edbi, b\u1eafp, mang \u0111\u1ebfn tr\u1ea3i nghi\u1ec7m th\u01a1m ngon, d\u1ec5 u\u1ed1ng cho m\u1ecdi l\u1ee9a tu\u1ed5i. S\u1eefa \u0111\u01b0\u1ee3c v\u1eaft v\u00e0 \u0111\u00f3ng h\u1ed9p trong ng\u00e0y, ki\u1ec3m so\u00e1t nghi\u00eam ng\u1eb7t qua h\u01a1n 400 ti\u00eau chu\u1ea9n ch\u1ea5t l\u01b0\u1ee3ng qu\u1ed1c t\u1ebf, \u0111\u1ea1t chu\u1ea9n Tinh khi\u1ebft M\u1ef9, \u0111\u1ea3m b\u1ea3o \u0111\u1ed9 an to\u00e0n v\u00e0 tinh khi\u1ebft t\u1ed1i \u0111a.<\/p>\n<p data-start=\"438\" data-end=\"881\">Kh\u00f4ng ch\u1ec9 h\u1ea5p d\u1eabn b\u1edfi h\u01b0\u01a1ng v\u1ecb, s\u1ea3n ph\u1ea9m c\u00f2n n\u1ed5i b\u1eadt v\u1edbi gi\u00e1 tr\u1ecb dinh d\u01b0\u1ee1ng cao. Trong m\u1ed7i h\u1ed9p s\u1eefa t\u01b0\u01a1i ti\u1ec7t tr\u00f9ng Vinamilk ch\u1ee9a canxi gi\u00fap x\u01b0\u01a1ng v\u00e0 r\u0103ng ch\u1eafc kh\u1ecfe, protein h\u1ed7 tr\u1ee3 ph\u00e1t tri\u1ec3n c\u01a1 b\u1eafp, c\u00f9ng c\u00e1c vitamin thi\u1ebft y\u1ebfu nh\u01b0 A, D, B2, B12 gi\u00fap t\u0103ng c\u01b0\u1eddng s\u1ee9c \u0111\u1ec1 kh\u00e1ng v\u00e0 h\u1ed7 tr\u1ee3 chuy\u1ec3n h\u00f3a n\u0103ng l\u01b0\u1ee3ng hi\u1ec7u qu\u1ea3. H\u00e0m l\u01b0\u1ee3ng dinh d\u01b0\u1ee1ng \u0111\u01b0\u1ee3c c\u00e2n \u0111\u1ed1i, ph\u00f9 h\u1ee3p \u0111\u1ec3 s\u1eed d\u1ee5ng h\u00e0ng ng\u00e0y cho c\u1ea3 tr\u1ebb em, h\u1ecdc sinh, sinh vi\u00ean v\u00e0 ng\u01b0\u1eddi l\u1edbn.<\/p>\n<p data-start=\"883\" data-end=\"1224\">\u0110\u1eb7c bi\u1ec7t, c\u00f4ng ngh\u1ec7 ti\u1ec7t tr\u00f9ng UHT ti\u00ean ti\u1ebfn gi\u00fap gi\u1eef tr\u1ecdn d\u01b0\u1ee1ng ch\u1ea5t t\u1ef1 nhi\u00ean, k\u00e9o d\u00e0i th\u1eddi gian b\u1ea3o qu\u1ea3n m\u00e0 kh\u00f4ng c\u1ea7n ch\u1ea5t b\u1ea3o qu\u1ea3n, r\u1ea5t ti\u1ec7n l\u1ee3i khi mang theo \u0111i h\u1ecdc, \u0111i l\u00e0m ho\u1eb7c du l\u1ecbch. H\u01b0\u01a1ng v\u1ecb tr\u00e1i c\u00e2y \u0111\u01b0\u1ee3c b\u1ed5 sung tinh t\u1ebf, t\u1ea1o n\u00ean s\u1ef1 kh\u00e1c bi\u1ec7t so v\u1edbi s\u1eefa t\u01b0\u01a1i truy\u1ec1n th\u1ed1ng, gi\u00fap ng\u01b0\u1eddi d\u00f9ng kh\u00f4ng b\u1ecb ng\u00e1n khi s\u1eed d\u1ee5ng th\u01b0\u1eddng xuy\u00ean.<\/p>\n<ul data-start=\"1226\" data-end=\"1399\">\n<li data-section-id=\"1fj6npa\" data-start=\"1226\" data-end=\"1271\"><strong>V\u1ecb d\u1eeba:<\/strong> thanh m\u00e1t, nh\u1eb9 nh\u00e0ng, d\u1ec5 u\u1ed1ng<\/li>\n<li data-section-id=\"cc7jn9\" data-start=\"1272\" data-end=\"1317\"><strong>V\u1ecb chu\u1ed1i:<\/strong> ng\u1ecdt d\u1ecbu, th\u01a1m b\u00e9o t\u1ef1 nhi\u00ean<\/li>\n<li data-section-id=\"r1qmmq\" data-start=\"1318\" data-end=\"1358\"><strong>V\u1ecb d\u01b0a l\u01b0\u1edbi:<\/strong> th\u01a1m l\u1eebng, t\u01b0\u01a1i m\u00e1t<\/li>\n<li data-section-id=\"1u4plxs\" data-start=\"1359\" data-end=\"1399\"><strong>V\u1ecb b\u1eafp<\/strong>: b\u00e9o b\u00f9i, \u0111\u1eadm \u0111\u00e0, \u0111\u1ed9c \u0111\u00e1o<\/li>\n<\/ul>\n<p data-start=\"1401\" data-end=\"1749\" data-is-last-node=\"\" data-is-only-node=\"\"><strong>S\u1eefa t\u01b0\u01a1i ti\u1ec7t tr\u00f9ng Vinamilk<\/strong> v\u1ecb tr\u00e1i c\u00e2y kh\u00f4ng ch\u1ec9 l\u00e0 th\u1ee9c u\u1ed1ng gi\u1ea3i kh\u00e1t m\u00e0 c\u00f2n l\u00e0 ngu\u1ed3n dinh d\u01b0\u1ee1ng ti\u1ec7n l\u1ee3i, gi\u00fap b\u1ed5 sung n\u0103ng l\u01b0\u1ee3ng nhanh ch\u00f3ng cho ng\u00e0y d\u00e0i n\u0103ng \u0111\u1ed9ng. V\u1edbi th\u00f4ng \u0111i\u1ec7p \u201cM\u1ed7i ng\u00e0y 2 ly, \u0111a v\u1ecb ngon m\u00ea ly!\u201d, \u0111\u00e2y l\u00e0 l\u1ef1a ch\u1ecdn ho\u00e0n h\u1ea3o \u0111\u1ec3 ch\u0103m s\u00f3c s\u1ee9c kh\u1ecfe cho c\u1ea3 gia \u0111\u00ecnh, \u0111\u1ed3ng th\u1eddi mang l\u1ea1i tr\u1ea3i nghi\u1ec7m v\u1ecb gi\u00e1c m\u1edbi m\u1ebb m\u1ed7i ng\u00e0y.<\/p>\n","protected":false},"excerpt":{"rendered":"<p>S\u1eefa t\u01b0\u01a1i ti\u1ec7t tr\u00f9ng Vinamilk v\u1ecb tr\u00e1i c\u00e2y l\u00e0 d\u00f2ng s\u1ea3n ph\u1ea9m dinh d\u01b0\u1ee1ng hi\u1ec7n \u0111\u1ea1i, k\u1ebft h\u1ee3p ho\u00e0n h\u1ea3o gi\u1eefa s\u1eefa b\u00f2 t\u01b0\u01a1i nguy\u00ean ch\u1ea5t 100% v\u00e0 h\u01b0\u01a1ng v\u1ecb tr\u00e1i c\u00e2y t\u1ef1 nhi\u00ean nh\u01b0 d\u1eeba, chu\u1ed1i, d\u01b0a l\u01b0\u1edbi, b\u1eafp, mang \u0111\u1ebfn tr\u1ea3i nghi\u1ec7m th\u01a1m ngon, d\u1ec5 u\u1ed1ng cho m\u1ecdi l\u1ee9a tu\u1ed5i. S\u1eefa \u0111\u01b0\u1ee3c v\u1eaft [&#8230;]\n","protected":false},"featured_media":61,"comment_status":"open","ping_status":"closed","template":"","meta":[],"product_brand":[],"product_cat":[17],"product_tag":[],"class_list":{"0":"post-21","1":"product","2":"type-product","3":"status-publish","4":"has-post-thumbnail","6":"product_cat-sua-tuoi","8":"first","9":"instock","10":"sale","11":"shipping-taxable","12":"purchasable","13":"product-type-variable"},"yoast_head":"<!-- This site is optimized with the Yoast SEO plugin v27.4 - https:\/\/yoast.com\/product\/yoast-seo-wordpress\/ -->\n<title>S\u1eefa t\u01b0\u01a1i ti\u1ec7t tr\u00f9ng (tr\u00e1i c\u00e2y) - vinamilk<\/title>\n<meta name=\"description\" content=\"S\u1eefa t\u01b0\u01a1i ti\u1ec7t tr\u00f9ng Vinamilk v\u1ecb tr\u00e1i c\u00e2y l\u00e0 d\u00f2ng s\u1ea3n ph\u1ea9m dinh d\u01b0\u1ee1ng hi\u1ec7n \u0111\u1ea1i, k\u1ebft h\u1ee3p ho\u00e0n h\u1ea3o gi\u1eefa s\u1eefa b\u00f2 t\u01b0\u01a1i nguy\u00ean ch\u1ea5t 100%\" \/>\n<meta name=\"robots\" content=\"index, follow, max-snippet:-1, max-image-preview:large, max-video-preview:-1\" \/>\n<link rel=\"canonical\" href=\"https:\/\/vinamilk.azdigi.shop\/index.php\/san-pham\/sua-tuoi-tiet-trung-trai-cay\/\" \/>\n<meta property=\"og:locale\" content=\"vi_VN\" \/>\n<meta property=\"og:type\" content=\"article\" \/>\n<meta property=\"og:title\" content=\"S\u1eefa t\u01b0\u01a1i ti\u1ec7t tr\u00f9ng (tr\u00e1i c\u00e2y) - vinamilk\" \/>\n<meta property=\"og:description\" content=\"S\u1eefa t\u01b0\u01a1i ti\u1ec7t tr\u00f9ng Vinamilk v\u1ecb tr\u00e1i c\u00e2y l\u00e0 d\u00f2ng s\u1ea3n ph\u1ea9m dinh d\u01b0\u1ee1ng hi\u1ec7n \u0111\u1ea1i, k\u1ebft h\u1ee3p ho\u00e0n h\u1ea3o gi\u1eefa s\u1eefa b\u00f2 t\u01b0\u01a1i nguy\u00ean ch\u1ea5t 100%\" \/>\n<meta property=\"og:url\" content=\"https:\/\/vinamilk.azdigi.shop\/index.php\/san-pham\/sua-tuoi-tiet-trung-trai-cay\/\" \/>\n<meta property=\"og:site_name\" content=\"vinamilk\" \/>\n<meta property=\"article:modified_time\" content=\"2026-04-22T14:14:29+00:00\" \/>\n<meta property=\"og:image\" content=\"https:\/\/vinamilk.azdigi.shop\/wp-content\/uploads\/2026\/04\/13.png\" \/>\n\t<meta property=\"og:image:width\" content=\"1500\" \/>\n\t<meta property=\"og:image:height\" content=\"1500\" \/>\n\t<meta property=\"og:image:type\" content=\"image\/png\" \/>\n<meta name=\"twitter:card\" content=\"summary_large_image\" \/>\n<meta name=\"twitter:label1\" content=\"\u01af\u1edbc t\u00ednh th\u1eddi gian \u0111\u1ecdc\" \/>\n\t<meta name=\"twitter:data1\" content=\"3 ph\u00fat\" \/>\n<script type=\"application\/ld+json\" class=\"yoast-schema-graph\">{\"@context\":\"https:\\\/\\\/schema.org\",\"@graph\":[{\"@type\":\"WebPage\",\"@id\":\"https:\\\/\\\/vinamilk.azdigi.shop\\\/index.php\\\/san-pham\\\/sua-tuoi-tiet-trung-trai-cay\\\/\",\"url\":\"https:\\\/\\\/vinamilk.azdigi.shop\\\/index.php\\\/san-pham\\\/sua-tuoi-tiet-trung-trai-cay\\\/\",\"name\":\"S\u1eefa t\u01b0\u01a1i ti\u1ec7t tr\u00f9ng (tr\u00e1i c\u00e2y) - vinamilk\",\"isPartOf\":{\"@id\":\"https:\\\/\\\/vinamilk.azdigi.shop\\\/#website\"},\"primaryImageOfPage\":{\"@id\":\"https:\\\/\\\/vinamilk.azdigi.shop\\\/index.php\\\/san-pham\\\/sua-tuoi-tiet-trung-trai-cay\\\/#primaryimage\"},\"image\":{\"@id\":\"https:\\\/\\\/vinamilk.azdigi.shop\\\/index.php\\\/san-pham\\\/sua-tuoi-tiet-trung-trai-cay\\\/#primaryimage\"},\"thumbnailUrl\":\"https:\\\/\\\/vinamilk.azdigi.shop\\\/wp-content\\\/uploads\\\/2026\\\/04\\\/13.png\",\"datePublished\":\"2026-04-22T13:49:24+00:00\",\"dateModified\":\"2026-04-22T14:14:29+00:00\",\"description\":\"S\u1eefa t\u01b0\u01a1i ti\u1ec7t tr\u00f9ng Vinamilk v\u1ecb tr\u00e1i c\u00e2y l\u00e0 d\u00f2ng s\u1ea3n ph\u1ea9m dinh d\u01b0\u1ee1ng hi\u1ec7n \u0111\u1ea1i, k\u1ebft h\u1ee3p ho\u00e0n h\u1ea3o gi\u1eefa s\u1eefa b\u00f2 t\u01b0\u01a1i nguy\u00ean ch\u1ea5t 100%\",\"breadcrumb\":{\"@id\":\"https:\\\/\\\/vinamilk.azdigi.shop\\\/index.php\\\/san-pham\\\/sua-tuoi-tiet-trung-trai-cay\\\/#breadcrumb\"},\"inLanguage\":\"vi\",\"potentialAction\":[{\"@type\":\"ReadAction\",\"target\":[\"https:\\\/\\\/vinamilk.azdigi.shop\\\/index.php\\\/san-pham\\\/sua-tuoi-tiet-trung-trai-cay\\\/\"]}]},{\"@type\":\"ImageObject\",\"inLanguage\":\"vi\",\"@id\":\"https:\\\/\\\/vinamilk.azdigi.shop\\\/index.php\\\/san-pham\\\/sua-tuoi-tiet-trung-trai-cay\\\/#primaryimage\",\"url\":\"https:\\\/\\\/vinamilk.azdigi.shop\\\/wp-content\\\/uploads\\\/2026\\\/04\\\/13.png\",\"contentUrl\":\"https:\\\/\\\/vinamilk.azdigi.shop\\\/wp-content\\\/uploads\\\/2026\\\/04\\\/13.png\",\"width\":1500,\"height\":1500},{\"@type\":\"BreadcrumbList\",\"@id\":\"https:\\\/\\\/vinamilk.azdigi.shop\\\/index.php\\\/san-pham\\\/sua-tuoi-tiet-trung-trai-cay\\\/#breadcrumb\",\"itemListElement\":[{\"@type\":\"ListItem\",\"position\":1,\"name\":\"Trang ch\u1ee7\",\"item\":\"https:\\\/\\\/vinamilk.azdigi.shop\\\/\"},{\"@type\":\"ListItem\",\"position\":2,\"name\":\"C\u1eeda h\u00e0ng\",\"item\":\"https:\\\/\\\/vinamilk.azdigi.shop\\\/index.php\\\/cua-hang\\\/\"},{\"@type\":\"ListItem\",\"position\":3,\"name\":\"S\u1eefa t\u01b0\u01a1i ti\u1ec7t tr\u00f9ng (tr\u00e1i c\u00e2y)\"}]},{\"@type\":\"WebSite\",\"@id\":\"https:\\\/\\\/vinamilk.azdigi.shop\\\/#website\",\"url\":\"https:\\\/\\\/vinamilk.azdigi.shop\\\/\",\"name\":\"vinamilk\",\"description\":\"\",\"potentialAction\":[{\"@type\":\"SearchAction\",\"target\":{\"@type\":\"EntryPoint\",\"urlTemplate\":\"https:\\\/\\\/vinamilk.azdigi.shop\\\/?s={search_term_string}\"},\"query-input\":{\"@type\":\"PropertyValueSpecification\",\"valueRequired\":true,\"valueName\":\"search_term_string\"}}],\"inLanguage\":\"vi\"}]}<\/script>\n<!-- \/ Yoast SEO plugin. -->","yoast_head_json":{"title":"S\u1eefa t\u01b0\u01a1i ti\u1ec7t tr\u00f9ng (tr\u00e1i c\u00e2y) - vinamilk","description":"S\u1eefa t\u01b0\u01a1i ti\u1ec7t tr\u00f9ng Vinamilk v\u1ecb tr\u00e1i c\u00e2y l\u00e0 d\u00f2ng s\u1ea3n ph\u1ea9m dinh d\u01b0\u1ee1ng hi\u1ec7n \u0111\u1ea1i, k\u1ebft h\u1ee3p ho\u00e0n h\u1ea3o gi\u1eefa s\u1eefa b\u00f2 t\u01b0\u01a1i nguy\u00ean ch\u1ea5t 100%","robots":{"index":"index","follow":"follow","max-snippet":"max-snippet:-1","max-image-preview":"max-image-preview:large","max-video-preview":"max-video-preview:-1"},"canonical":"https:\/\/vinamilk.azdigi.shop\/index.php\/san-pham\/sua-tuoi-tiet-trung-trai-cay\/","og_locale":"vi_VN","og_type":"article","og_title":"S\u1eefa t\u01b0\u01a1i ti\u1ec7t tr\u00f9ng (tr\u00e1i c\u00e2y) - vinamilk","og_description":"S\u1eefa t\u01b0\u01a1i ti\u1ec7t tr\u00f9ng Vinamilk v\u1ecb tr\u00e1i c\u00e2y l\u00e0 d\u00f2ng s\u1ea3n ph\u1ea9m dinh d\u01b0\u1ee1ng hi\u1ec7n \u0111\u1ea1i, k\u1ebft h\u1ee3p ho\u00e0n h\u1ea3o gi\u1eefa s\u1eefa b\u00f2 t\u01b0\u01a1i nguy\u00ean ch\u1ea5t 100%","og_url":"https:\/\/vinamilk.azdigi.shop\/index.php\/san-pham\/sua-tuoi-tiet-trung-trai-cay\/","og_site_name":"vinamilk","article_modified_time":"2026-04-22T14:14:29+00:00","og_image":[{"width":1500,"height":1500,"url":"https:\/\/vinamilk.azdigi.shop\/wp-content\/uploads\/2026\/04\/13.png","type":"image\/png"}],"twitter_card":"summary_large_image","twitter_misc":{"\u01af\u1edbc t\u00ednh th\u1eddi gian \u0111\u1ecdc":"3 ph\u00fat"},"schema":{"@context":"https:\/\/schema.org","@graph":[{"@type":"WebPage","@id":"https:\/\/vinamilk.azdigi.shop\/index.php\/san-pham\/sua-tuoi-tiet-trung-trai-cay\/","url":"https:\/\/vinamilk.azdigi.shop\/index.php\/san-pham\/sua-tuoi-tiet-trung-trai-cay\/","name":"S\u1eefa t\u01b0\u01a1i ti\u1ec7t tr\u00f9ng (tr\u00e1i c\u00e2y) - vinamilk","isPartOf":{"@id":"https:\/\/vinamilk.azdigi.shop\/#website"},"primaryImageOfPage":{"@id":"https:\/\/vinamilk.azdigi.shop\/index.php\/san-pham\/sua-tuoi-tiet-trung-trai-cay\/#primaryimage"},"image":{"@id":"https:\/\/vinamilk.azdigi.shop\/index.php\/san-pham\/sua-tuoi-tiet-trung-trai-cay\/#primaryimage"},"thumbnailUrl":"https:\/\/vinamilk.azdigi.shop\/wp-content\/uploads\/2026\/04\/13.png","datePublished":"2026-04-22T13:49:24+00:00","dateModified":"2026-04-22T14:14:29+00:00","description":"S\u1eefa t\u01b0\u01a1i ti\u1ec7t tr\u00f9ng Vinamilk v\u1ecb tr\u00e1i c\u00e2y l\u00e0 d\u00f2ng s\u1ea3n ph\u1ea9m dinh d\u01b0\u1ee1ng hi\u1ec7n \u0111\u1ea1i, k\u1ebft h\u1ee3p ho\u00e0n h\u1ea3o gi\u1eefa s\u1eefa b\u00f2 t\u01b0\u01a1i nguy\u00ean ch\u1ea5t 100%","breadcrumb":{"@id":"https:\/\/vinamilk.azdigi.shop\/index.php\/san-pham\/sua-tuoi-tiet-trung-trai-cay\/#breadcrumb"},"inLanguage":"vi","potentialAction":[{"@type":"ReadAction","target":["https:\/\/vinamilk.azdigi.shop\/index.php\/san-pham\/sua-tuoi-tiet-trung-trai-cay\/"]}]},{"@type":"ImageObject","inLanguage":"vi","@id":"https:\/\/vinamilk.azdigi.shop\/index.php\/san-pham\/sua-tuoi-tiet-trung-trai-cay\/#primaryimage","url":"https:\/\/vinamilk.azdigi.shop\/wp-content\/uploads\/2026\/04\/13.png","contentUrl":"https:\/\/vinamilk.azdigi.shop\/wp-content\/uploads\/2026\/04\/13.png","width":1500,"height":1500},{"@type":"BreadcrumbList","@id":"https:\/\/vinamilk.azdigi.shop\/index.php\/san-pham\/sua-tuoi-tiet-trung-trai-cay\/#breadcrumb","itemListElement":[{"@type":"ListItem","position":1,"name":"Trang ch\u1ee7","item":"https:\/\/vinamilk.azdigi.shop\/"},{"@type":"ListItem","position":2,"name":"C\u1eeda h\u00e0ng","item":"https:\/\/vinamilk.azdigi.shop\/index.php\/cua-hang\/"},{"@type":"ListItem","position":3,"name":"S\u1eefa t\u01b0\u01a1i ti\u1ec7t tr\u00f9ng (tr\u00e1i c\u00e2y)"}]},{"@type":"WebSite","@id":"https:\/\/vinamilk.azdigi.shop\/#website","url":"https:\/\/vinamilk.azdigi.shop\/","name":"vinamilk","description":"","potentialAction":[{"@type":"SearchAction","target":{"@type":"EntryPoint","urlTemplate":"https:\/\/vinamilk.azdigi.shop\/?s={search_term_string}"},"query-input":{"@type":"PropertyValueSpecification","valueRequired":true,"valueName":"search_term_string"}}],"inLanguage":"vi"}]}},"_links":{"self":[{"href":"https:\/\/vinamilk.azdigi.shop\/index.php\/wp-json\/wp\/v2\/product\/21","targetHints":{"allow":["GET"]}}],"collection":[{"href":"https:\/\/vinamilk.azdigi.shop\/index.php\/wp-json\/wp\/v2\/product"}],"about":[{"href":"https:\/\/vinamilk.azdigi.shop\/index.php\/wp-json\/wp\/v2\/types\/product"}],"replies":[{"embeddable":true,"href":"https:\/\/vinamilk.azdigi.shop\/index.php\/wp-json\/wp\/v2\/comments?post=21"}],"wp:featuredmedia":[{"embeddable":true,"href":"https:\/\/vinamilk.azdigi.shop\/index.php\/wp-json\/wp\/v2\/media\/61"}],"wp:attachment":[{"href":"https:\/\/vinamilk.azdigi.shop\/index.php\/wp-json\/wp\/v2\/media?parent=21"}],"wp:term":[{"taxonomy":"product_brand","embeddable":true,"href":"https:\/\/vinamilk.azdigi.shop\/index.php\/wp-json\/wp\/v2\/product_brand?post=21"},{"taxonomy":"product_cat","embeddable":true,"href":"https:\/\/vinamilk.azdigi.shop\/index.php\/wp-json\/wp\/v2\/product_cat?post=21"},{"taxonomy":"product_tag","embeddable":true,"href":"https:\/\/vinamilk.azdigi.shop\/index.php\/wp-json\/wp\/v2\/product_tag?post=21"}],"curies":[{"name":"wp","href":"https:\/\/api.w.org\/{rel}","templated":true}]}}